{"id":3031,"date":"2021-12-22T12:04:07","date_gmt":"2021-12-22T09:04:07","guid":{"rendered":"https:\/\/www.cigdemguven.com\/?page_id=3031"},"modified":"2023-03-27T16:35:45","modified_gmt":"2023-03-27T13:35:45","slug":"teslimat-sozlesmesi","status":"publish","type":"page","link":"https:\/\/www.cigdemguven.com\/tr\/teslimat-sozlesmesi\/","title":{"rendered":"Teslimat S\u00f6zle\u015fmesi"},"content":{"rendered":"<div>Sipari\u015f etmi\u015f oldu\u011funuz \u00fcr\u00fcnleri \u00f6deme yapt\u0131ktan hemen sonra kullanmaya ba\u015flayabilirsiniz. Baz\u0131 \u00fcr\u00fcnlere, e\u011fitimlere eri\u015fim i\u00e7in hesab\u0131n\u0131z\u0131n aktifle\u015ftirilmesi gerekebilir. B\u00f6yle bir durumda hesab\u0131n\u0131z 24 saat i\u00e7erisinde aktif olacakt\u0131r. Gecikmesi muhtemel teslimat durumunda size bilgi verilecektir.<\/div>\n","protected":false},"excerpt":{"rendered":"<p>Sipari\u015f etmi\u015f oldu\u011funuz \u00fcr\u00fcnleri \u00f6deme yapt\u0131ktan hemen sonra kullanmaya ba\u015flayabilirsiniz. Baz\u0131 \u00fcr\u00fcnlere, e\u011fitimlere eri\u015fim i\u00e7in hesab\u0131n\u0131z\u0131n aktifle\u015ftirilmesi gerekebilir. B\u00f6yle bir durumda hesab\u0131n\u0131z 24 saat i\u00e7erisinde aktif olacakt\u0131r. Gecikmesi muhtemel teslimat durumunda size bilgi verilecektir.<\/p>\n","protected":false},"author":1,"featured_media":0,"parent":0,"menu_order":0,"comment_status":"closed","ping_status":"open","template":"","meta":{"footnotes":""},"class_list":["post-3031","page","type-page","status-publish","hentry"],"yoast_head":"\n<title>Teslimat S\u00f6zle\u015fmesi | \u00c7i\u011fdem G\u00fcven Management Consulting &amp; Coaching &amp; Mentoring Services<\/title>\n<meta name=\"robots\" content=\"index, follow, max-snippet:-1, max-image-preview:large, max-video-preview:-1\" \/>\n<link rel=\"canonical\" href=\"https:\/\/www.cigdemguven.com\/tr\/teslimat-sozlesmesi\/\" \/>\n<meta property=\"og:locale\" content=\"tr_TR\" \/>\n<meta property=\"og:type\" content=\"article\" \/>\n<meta property=\"og:title\" content=\"Teslimat S\u00f6zle\u015fmesi | \u00c7i\u011fdem G\u00fcven Management Consulting &amp; Coaching &amp; Mentoring Services\" \/>\n<meta property=\"og:description\" content=\"Sipari\u015f etmi\u015f oldu\u011funuz \u00fcr\u00fcnleri \u00f6deme yapt\u0131ktan hemen sonra kullanmaya ba\u015flayabilirsiniz. Baz\u0131 \u00fcr\u00fcnlere, e\u011fitimlere eri\u015fim i\u00e7in hesab\u0131n\u0131z\u0131n aktifle\u015ftirilmesi gerekebilir. B\u00f6yle bir durumda hesab\u0131n\u0131z 24 saat i\u00e7erisinde aktif olacakt\u0131r. Gecikmesi muhtemel teslimat durumunda size bilgi verilecektir.\" \/>\n<meta property=\"og:url\" content=\"https:\/\/www.cigdemguven.com\/tr\/teslimat-sozlesmesi\/\" \/>\n<meta property=\"og:site_name\" content=\"\u00c7i\u011fdem G\u00fcven Management Consulting &amp; Coaching &amp; Mentoring Services\" \/>\n<meta property=\"article:publisher\" content=\"https:\/\/www.facebook.com\/cigdemguvendanisman\" \/>\n<meta property=\"article:modified_time\" content=\"2023-03-27T13:35:45+00:00\" \/>\n<meta property=\"og:image\" content=\"https:\/\/www.cigdemguven.com\/medias\/2022\/01\/cigdemguvenphoto.jpg\" \/>\n\t<meta property=\"og:image:width\" content=\"777\" \/>\n\t<meta property=\"og:image:height\" content=\"823\" \/>\n\t<meta property=\"og:image:type\" content=\"image\/jpeg\" \/>\n<meta name=\"twitter:card\" content=\"summary_large_image\" \/>\n<meta name=\"twitter:site\" content=\"@cigdemguvencom\" \/>\n<script type=\"application\/ld+json\" class=\"yoast-schema-graph\">{\"@context\":\"https:\/\/schema.org\",\"@graph\":[{\"@type\":\"WebPage\",\"@id\":\"https:\/\/www.cigdemguven.com\/tr\/teslimat-sozlesmesi\/\",\"url\":\"https:\/\/www.cigdemguven.com\/tr\/teslimat-sozlesmesi\/\",\"name\":\"Teslimat S\u00f6zle\u015fmesi | \u00c7i\u011fdem G\u00fcven Management Consulting &amp; Coaching &amp; Mentoring Services\",\"isPartOf\":{\"@id\":\"https:\/\/www.cigdemguven.com\/tr\/#website\"},\"datePublished\":\"2021-12-22T09:04:07+00:00\",\"dateModified\":\"2023-03-27T13:35:45+00:00\",\"breadcrumb\":{\"@id\":\"https:\/\/www.cigdemguven.com\/tr\/teslimat-sozlesmesi\/#breadcrumb\"},\"inLanguage\":\"tr\",\"potentialAction\":[{\"@type\":\"ReadAction\",\"target\":[\"https:\/\/www.cigdemguven.com\/tr\/teslimat-sozlesmesi\/\"]}]},{\"@type\":\"BreadcrumbList\",\"@id\":\"https:\/\/www.cigdemguven.com\/tr\/teslimat-sozlesmesi\/#breadcrumb\",\"itemListElement\":[{\"@type\":\"ListItem\",\"position\":1,\"name\":\"Home\",\"item\":\"https:\/\/www.cigdemguven.com\/tr\/\"},{\"@type\":\"ListItem\",\"position\":2,\"name\":\"Teslimat S\u00f6zle\u015fmesi\"}]},{\"@type\":\"WebSite\",\"@id\":\"https:\/\/www.cigdemguven.com\/tr\/#website\",\"url\":\"https:\/\/www.cigdemguven.com\/tr\/\",\"name\":\"\u00c7i\u011fdem G\u00fcven Management Consulting &amp; Coaching &amp; Mentoring Services\",\"description\":\"Management Consulting &amp; Coaching &amp; Mentoring Services\",\"publisher\":{\"@id\":\"https:\/\/www.cigdemguven.com\/tr\/#organization\"},\"potentialAction\":[{\"@type\":\"SearchAction\",\"target\":{\"@type\":\"EntryPoint\",\"urlTemplate\":\"https:\/\/www.cigdemguven.com\/tr\/?s={search_term_string}\"},\"query-input\":\"required name=search_term_string\"}],\"inLanguage\":\"tr\"},{\"@type\":\"Organization\",\"@id\":\"https:\/\/www.cigdemguven.com\/tr\/#organization\",\"name\":\"\u00c7i\u011fdem G\u00fcven Management Consulting & Coaching & Mentoring Services\",\"url\":\"https:\/\/www.cigdemguven.com\/tr\/\",\"logo\":{\"@type\":\"ImageObject\",\"inLanguage\":\"tr\",\"@id\":\"https:\/\/www.cigdemguven.com\/tr\/#\/schema\/logo\/image\/\",\"url\":\"https:\/\/www.cigdemguven.com\/medias\/2021\/12\/cigdem-guven-logo.svg\",\"contentUrl\":\"https:\/\/www.cigdemguven.com\/medias\/2021\/12\/cigdem-guven-logo.svg\",\"width\":1,\"height\":1,\"caption\":\"\u00c7i\u011fdem G\u00fcven Management Consulting & Coaching & Mentoring Services\"},\"image\":{\"@id\":\"https:\/\/www.cigdemguven.com\/tr\/#\/schema\/logo\/image\/\"},\"sameAs\":[\"https:\/\/www.facebook.com\/cigdemguvendanisman\",\"https:\/\/twitter.com\/cigdemguvencom\",\"https:\/\/www.instagram.com\/cigdemguvendanismanlik\/\",\"https:\/\/www.linkedin.com\/in\/cigdemguvendanismanlik\/\"]}]}<\/script>\n","yoast_head_json":{"title":"Teslimat S\u00f6zle\u015fmesi | \u00c7i\u011fdem G\u00fcven Management Consulting &amp; Coaching &amp; Mentoring Services","robots":{"index":"index","follow":"follow","max-snippet":"max-snippet:-1","max-image-preview":"max-image-preview:large","max-video-preview":"max-video-preview:-1"},"canonical":"https:\/\/www.cigdemguven.com\/tr\/teslimat-sozlesmesi\/","og_locale":"tr_TR","og_type":"article","og_title":"Teslimat S\u00f6zle\u015fmesi | \u00c7i\u011fdem G\u00fcven Management Consulting &amp; Coaching &amp; Mentoring Services","og_description":"Sipari\u015f etmi\u015f oldu\u011funuz \u00fcr\u00fcnleri \u00f6deme yapt\u0131ktan hemen sonra kullanmaya ba\u015flayabilirsiniz. Baz\u0131 \u00fcr\u00fcnlere, e\u011fitimlere eri\u015fim i\u00e7in hesab\u0131n\u0131z\u0131n aktifle\u015ftirilmesi gerekebilir. B\u00f6yle bir durumda hesab\u0131n\u0131z 24 saat i\u00e7erisinde aktif olacakt\u0131r. Gecikmesi muhtemel teslimat durumunda size bilgi verilecektir.","og_url":"https:\/\/www.cigdemguven.com\/tr\/teslimat-sozlesmesi\/","og_site_name":"\u00c7i\u011fdem G\u00fcven Management Consulting &amp; Coaching &amp; Mentoring Services","article_publisher":"https:\/\/www.facebook.com\/cigdemguvendanisman","article_modified_time":"2023-03-27T13:35:45+00:00","og_image":[{"width":777,"height":823,"url":"https:\/\/www.cigdemguven.com\/medias\/2022\/01\/cigdemguvenphoto.jpg","type":"image\/jpeg"}],"twitter_card":"summary_large_image","twitter_site":"@cigdemguvencom","schema":{"@context":"https:\/\/schema.org","@graph":[{"@type":"WebPage","@id":"https:\/\/www.cigdemguven.com\/tr\/teslimat-sozlesmesi\/","url":"https:\/\/www.cigdemguven.com\/tr\/teslimat-sozlesmesi\/","name":"Teslimat S\u00f6zle\u015fmesi | \u00c7i\u011fdem G\u00fcven Management Consulting &amp; Coaching &amp; Mentoring Services","isPartOf":{"@id":"https:\/\/www.cigdemguven.com\/tr\/#website"},"datePublished":"2021-12-22T09:04:07+00:00","dateModified":"2023-03-27T13:35:45+00:00","breadcrumb":{"@id":"https:\/\/www.cigdemguven.com\/tr\/teslimat-sozlesmesi\/#breadcrumb"},"inLanguage":"tr","potentialAction":[{"@type":"ReadAction","target":["https:\/\/www.cigdemguven.com\/tr\/teslimat-sozlesmesi\/"]}]},{"@type":"BreadcrumbList","@id":"https:\/\/www.cigdemguven.com\/tr\/teslimat-sozlesmesi\/#breadcrumb","itemListElement":[{"@type":"ListItem","position":1,"name":"Home","item":"https:\/\/www.cigdemguven.com\/tr\/"},{"@type":"ListItem","position":2,"name":"Teslimat S\u00f6zle\u015fmesi"}]},{"@type":"WebSite","@id":"https:\/\/www.cigdemguven.com\/tr\/#website","url":"https:\/\/www.cigdemguven.com\/tr\/","name":"\u00c7i\u011fdem G\u00fcven Management Consulting &amp; Coaching &amp; Mentoring Services","description":"Management Consulting &amp; Coaching &amp; Mentoring Services","publisher":{"@id":"https:\/\/www.cigdemguven.com\/tr\/#organization"},"potentialAction":[{"@type":"SearchAction","target":{"@type":"EntryPoint","urlTemplate":"https:\/\/www.cigdemguven.com\/tr\/?s={search_term_string}"},"query-input":"required name=search_term_string"}],"inLanguage":"tr"},{"@type":"Organization","@id":"https:\/\/www.cigdemguven.com\/tr\/#organization","name":"\u00c7i\u011fdem G\u00fcven Management Consulting & Coaching & Mentoring Services","url":"https:\/\/www.cigdemguven.com\/tr\/","logo":{"@type":"ImageObject","inLanguage":"tr","@id":"https:\/\/www.cigdemguven.com\/tr\/#\/schema\/logo\/image\/","url":"https:\/\/www.cigdemguven.com\/medias\/2021\/12\/cigdem-guven-logo.svg","contentUrl":"https:\/\/www.cigdemguven.com\/medias\/2021\/12\/cigdem-guven-logo.svg","width":1,"height":1,"caption":"\u00c7i\u011fdem G\u00fcven Management Consulting & Coaching & Mentoring Services"},"image":{"@id":"https:\/\/www.cigdemguven.com\/tr\/#\/schema\/logo\/image\/"},"sameAs":["https:\/\/www.facebook.com\/cigdemguvendanisman","https:\/\/twitter.com\/cigdemguvencom","https:\/\/www.instagram.com\/cigdemguvendanismanlik\/","https:\/\/www.linkedin.com\/in\/cigdemguvendanismanlik\/"]}]}},"_links":{"self":[{"href":"https:\/\/www.cigdemguven.com\/tr\/wp-json\/wp\/v2\/pages\/3031","targetHints":{"allow":["GET"]}}],"collection":[{"href":"https:\/\/www.cigdemguven.com\/tr\/wp-json\/wp\/v2\/pages"}],"about":[{"href":"https:\/\/www.cigdemguven.com\/tr\/wp-json\/wp\/v2\/types\/page"}],"author":[{"embeddable":true,"href":"https:\/\/www.cigdemguven.com\/tr\/wp-json\/wp\/v2\/users\/1"}],"replies":[{"embeddable":true,"href":"https:\/\/www.cigdemguven.com\/tr\/wp-json\/wp\/v2\/comments?post=3031"}],"version-history":[{"count":1,"href":"https:\/\/www.cigdemguven.com\/tr\/wp-json\/wp\/v2\/pages\/3031\/revisions"}],"predecessor-version":[{"id":3035,"href":"https:\/\/www.cigdemguven.com\/tr\/wp-json\/wp\/v2\/pages\/3031\/revisions\/3035"}],"wp:attachment":[{"href":"https:\/\/www.cigdemguven.com\/tr\/wp-json\/wp\/v2\/media?parent=3031"}],"curies":[{"name":"wp","href":"https:\/\/api.w.org\/{rel}","templated":true}]}}